{"id":1602,"date":"2020-12-30T15:56:00","date_gmt":"2020-12-30T14:56:00","guid":{"rendered":"https:\/\/www.terredicasa.it\/it\/?page_id=1602"},"modified":"2020-12-30T16:45:54","modified_gmt":"2020-12-30T15:45:54","slug":"cookie","status":"publish","type":"page","link":"https:\/\/www.terredicasa.it\/it\/cookie\/","title":{"rendered":"Cookie"},"content":{"rendered":"<p>[vc_row css_animation=&#8221;&#8221; row_type=&#8221;row&#8221; use_row_as_full_screen_section=&#8221;no&#8221; type=&#8221;grid&#8221; angled_section=&#8221;no&#8221; text_align=&#8221;left&#8221; background_image_as_pattern=&#8221;without_pattern&#8221; z_index=&#8221;&#8221; css=&#8221;.vc_custom_1609340740221{margin-right: 0px !important;margin-left: 0px !important;padding-bottom: 20px !important;}&#8221;][vc_column css=&#8221;.vc_custom_1517492438683{margin-right: 0px !important;margin-left: 0px !important;}&#8221;][vc_column_text]<\/p>\n<h1 style=\"text-align: center;\"><span style=\"color: #acc435; font-size: 40px;\">COOKIE<\/span><\/h1>\n<p>[\/vc_column_text][\/vc_column][\/vc_row][vc_row css_animation=&#8221;&#8221; row_type=&#8221;row&#8221; use_row_as_full_screen_section=&#8221;no&#8221; type=&#8221;grid&#8221; angled_section=&#8221;no&#8221; text_align=&#8221;left&#8221; background_image_as_pattern=&#8221;without_pattern&#8221; z_index=&#8221;&#8221; css=&#8221;.vc_custom_1609340792051{margin-right: 0px !important;margin-left: 0px !important;padding-top: 20px !important;padding-bottom: 50px !important;}&#8221;][vc_column css=&#8221;.vc_custom_1517492438683{margin-right: 0px !important;margin-left: 0px !important;}&#8221;][vc_column_text]<\/p>\n<h3 style=\"text-align: left;\"><span style=\"color: #634834;\">Informativa sull&#8217;uso dei cookie<\/span><\/h3>\n<p>[\/vc_column_text][qode_elements_holder number_of_columns=&#8221;one_column&#8221;][qode_elements_holder_item advanced_animations=&#8221;no&#8221;][vc_column_text]Il sito web di &#8220;<strong>TERRE DI CASA<\/strong>&#8221; utilizza cookie e tecnologie simili per garantire il corretto funzionamento delle procedure e migliorare l&#8217;esperienza di uso delle applicazioni online. Il presente documento fornisce informazioni dettagliate sull&#8217;uso dei cookie e di tecnologie similari, su come sono utilizzati da &#8220;<strong>TERRE DI CASA<\/strong>&#8221; e su come gestirli.[\/vc_column_text][\/qode_elements_holder_item][\/qode_elements_holder][vc_column_text css=&#8221;.vc_custom_1609341512899{padding-top: 50px !important;}&#8221;]<\/p>\n<h3 style=\"text-align: left;\"><span style=\"color: #634834;\">Definizioni<\/span><\/h3>\n<p>[\/vc_column_text][qode_elements_holder number_of_columns=&#8221;one_column&#8221;][qode_elements_holder_item advanced_animations=&#8221;no&#8221;][vc_column_text]I cookie sono brevi frammenti di testo (lettere e\/o numeri) che permettono al server web di memorizzare sul client (il browser) informazioni da riutilizzare nel corso della medesima visita al sito (cookie di sessione) o in seguito, anche a distanza di giorni (cookie persistenti). I cookie vengono memorizzati, in base alle preferenze dell&#8217;utente, dal singolo browser sullo specifico dispositivo utilizzato (computer, tablet, smartphone).<\/p>\n<p>Tecnologie similari, come, ad esempio, web beacon, GIF trasparenti e tutte le forme di storage locale introdotte con HTML5, sono utilizzabili per raccogliere informazioni sul comportamento dell&#8217;utente e sull&#8217;utilizzo dei servizi.<\/p>\n<p>Nel seguito di questo documento faremo riferimento ai cookie e a tutte le tecnologie similari utilizzando semplicemente il termine \u201ccookie\u201d.[\/vc_column_text][\/qode_elements_holder_item][\/qode_elements_holder][vc_column_text css=&#8221;.vc_custom_1609341533782{padding-top: 50px !important;}&#8221;]<\/p>\n<h3 style=\"text-align: left;\"><span style=\"color: #634834;\">Tipologie di cookie<\/span><\/h3>\n<p>[\/vc_column_text][qode_elements_holder number_of_columns=&#8221;one_column&#8221;][qode_elements_holder_item advanced_animations=&#8221;no&#8221;][vc_column_text]In base alle caratteristiche e all&#8217;utilizzo dei cookie possiamo distinguere diverse categorie:[\/vc_column_text][\/qode_elements_holder_item][\/qode_elements_holder][vc_empty_space height=&#8221;20px&#8221;][qode_elements_holder number_of_columns=&#8221;one_column&#8221;][qode_elements_holder_item advanced_animations=&#8221;no&#8221;][vc_column_text]<\/p>\n<ul>\n<li><strong>Cookie strettamente necessari.<\/strong>\u00a0Si tratta di cookie indispensabili per il corretto funzionamento del sito &#8220;<strong>TERRE DI CASA<\/strong>&#8221; e sono utilizzati per gestire il login e l&#8217;accesso alle funzioni riservate del sito. La durata dei cookie \u00e8 strettamente limitata alla sessione di lavoro (chiuso il browser vengono cancellati). La loro disattivazione compromette l&#8217;utilizzo dei servizi accessibili da login. La parte pubblica del sito &#8220;<strong>TERRE DI CASA<\/strong>&#8221; resta normalmente utilizzabile.<\/li>\n<li><strong>Cookie di analisi e prestazioni.<\/strong>\u00a0Sono cookie utilizzati per raccogliere e analizzare il traffico e l&#8217;utilizzo del sito in modo anonimo. Questi cookie, pur senza identificare l&#8217;utente, consentono, per esempio, di rilevare se il medesimo utente torna a collegarsi in momenti diversi. Permettono inoltre di monitorare il sistema e migliorarne le prestazioni e l&#8217;usabilit\u00e0. La disattivazione di tali cookie pu\u00f2 essere eseguita senza alcuna perdita di funzionalit\u00e0.<\/li>\n<li><strong>Cookie di profilazione.<\/strong>\u00a0Si tratta di cookie permanenti utilizzati per identificare (in modo anonimo e non) le preferenze dell&#8217;utente e migliorare la sua esperienza di navigazione.<\/li>\n<\/ul>\n<p>[\/vc_column_text][\/qode_elements_holder_item][\/qode_elements_holder][vc_column_text css=&#8221;.vc_custom_1609341541646{padding-top: 50px !important;}&#8221;]<\/p>\n<h3 style=\"text-align: left;\"><span style=\"color: #634834;\">Cookie di terze parti<\/span><\/h3>\n<p>[\/vc_column_text][qode_elements_holder number_of_columns=&#8221;one_column&#8221;][qode_elements_holder_item advanced_animations=&#8221;no&#8221;][vc_column_text]Visitando un sito web si possono ricevere cookie sia dal sito visitato (\u201cproprietari\u201d), sia da siti gestiti da altre organizzazioni (\u201cterze parti\u201d). Un esempio notevole \u00e8 rappresentato dalla presenza dei \u201c<strong>social plugin<\/strong>\u201d per Facebook, Twitter, Google+ e LinkedIn. Si tratta di parti della pagina visitata generate direttamente dai suddetti siti ed integrati nella pagina del sito ospitante. L&#8217;utilizzo pi\u00f9 comune dei social plugin \u00e8 finalizzato alla condivisione dei contenuti sui social network.<\/p>\n<p>La presenza di questi plugin comporta la trasmissione di cookie da e verso tutti i siti gestiti da terze parti. La gestione delle informazioni raccolte da \u201cterze parti\u201d \u00e8 \u00a0disciplinata dalle relative informative cui si prega di fare riferimento. Per garantire una maggiore trasparenza e comodit\u00e0, si riportano qui di seguito \u00a0gli indirizzi web delle diverse informative e delle modalit\u00e0 per la gestione dei cookie.<\/p>\n<p><strong>Facebook informativa:<\/strong>\u00a0<a href=\"https:\/\/www.facebook.com\/help\/cookies\/\" target=\"_blank\" rel=\"noopener\">https:\/\/www.facebook.com\/help\/cookies\/<\/a><\/p>\n<p><strong>Facebook (configurazione):<\/strong>\u00a0accedere al proprio account. Sezione privacy.<\/p>\n<p><strong>Twitter informative:<\/strong>\u00a0<a href=\"https:\/\/support.twitter.com\/articles\/20170514\" target=\"_blank\" rel=\"noopener\">https:\/\/support.twitter.com\/articles\/20170514<\/a><\/p>\n<p><strong>Twitter (configurazione):<\/strong>\u00a0<a href=\"https:\/\/twitter.com\/settings\/security\" target=\"_blank\" rel=\"noopener\">https:\/\/twitter.com\/settings\/security<\/a><\/p>\n<p><strong>Linkedin informativa:<\/strong>\u00a0<a href=\"https:\/\/www.linkedin.com\/legal\/cookie-policy\" target=\"_blank\" rel=\"noopener\">https:\/\/www.linkedin.com\/legal\/cookie-policy<\/a><\/p>\n<p><strong>Linkedin (configurazione):<\/strong>\u00a0<a href=\"https:\/\/www.linkedin.com\/settings\/\" target=\"_blank\" rel=\"noopener\">https:\/\/www.linkedin.com\/settings\/<\/a><\/p>\n<p><strong>Google+ informativa:<\/strong>\u00a0<a href=\"http:\/\/www.google.it\/intl\/it\/policies\/technologies\/cookies\/\" target=\"_blank\" rel=\"noopener\">http:\/\/www.google.it\/intl\/it\/policies\/technologies\/cookies\/<\/a><\/p>\n<p><strong>Google+ (configurazione):<\/strong>\u00a0<a href=\"http:\/\/www.google.it\/intl\/it\/policies\/technologies\/managing\/\" target=\"_blank\" rel=\"noopener\">http:\/\/www.google.it\/intl\/it\/policies\/technologies\/managing\/<\/a>[\/vc_column_text][\/qode_elements_holder_item][\/qode_elements_holder][vc_column_text css=&#8221;.vc_custom_1609341549582{padding-top: 50px !important;}&#8221;]<\/p>\n<h3 style=\"text-align: left;\"><span style=\"color: #634834;\">Google Analytics<\/span><\/h3>\n<p>[\/vc_column_text][qode_elements_holder number_of_columns=&#8221;one_column&#8221;][qode_elements_holder_item advanced_animations=&#8221;no&#8221;][vc_column_text]Il sito &#8220;<strong>TERRE DI CASA<\/strong>&#8221;\u00a0include anche talune componenti trasmesse da Google Analytics, un servizio di analisi del traffico web fornito da Google, Inc. (\u201cGoogle\u201d). Anche in questo caso si tratta di cookie di terze parti raccolti e gestiti in modo anonimo per monitorare e migliorare le prestazioni del sito ospite (performance cookie).<\/p>\n<p>Google Analytics utilizza i &#8220;cookie&#8221; per raccogliere e analizzare in forma anonima le informazioni sui comportamenti di utilizzo dei siti web (compreso l&#8217;indirizzo IP dell&#8217;utente). Tali informazioni vengono raccolte da Google Analytics, che le elabora allo scopo di redigere report per gli operatori riguardanti le attivit\u00e0 sui siti web stessi. Questo sito non utilizza (e non consente a terzi di utilizzare) lo strumento di analisi di Google per monitorare o per raccogliere informazioni personali di identificazione. Google non associa l&#8217;indirizzo IP a nessun altro dato posseduto da Google n\u00e9 cerca di collegare un indirizzo IP con l&#8217;identit\u00e0 di un utente. Google pu\u00f2 anche comunicare queste informazioni a terzi ove ci\u00f2 sia imposto dalla legge o laddove tali terzi trattino le suddette informazioni per conto di Google.<\/p>\n<p>Per ulteriori informazioni, si rinvia al link di seguito indicato:<\/p>\n<p><a href=\"https:\/\/www.google.it\/policies\/privacy\/partners\/\" target=\"_blank\" rel=\"noopener\">https:\/\/www.google.it\/policies\/privacy\/partners\/<\/a><\/p>\n<p>L&#8217;utente pu\u00f2 disabilitare in modo selettivo l&#8217;azione di Google Analytics installando sul proprio browser la componente di opt-out fornito da Google. Per disabilitare l&#8217;azione di Google Analytics, si rinvia al link di seguito indicato:<\/p>\n<p><a href=\"https:\/\/tools.google.com\/dlpage\/gaoptout\" target=\"_blank\" rel=\"noopener\">https:\/\/tools.google.com\/dlpage\/gaoptout<\/a>[\/vc_column_text][\/qode_elements_holder_item][\/qode_elements_holder][vc_column_text css=&#8221;.vc_custom_1609341557427{padding-top: 50px !important;}&#8221;]<\/p>\n<h3 style=\"text-align: left;\"><span style=\"color: #634834;\">Durata dei cookie<\/span><\/h3>\n<p>[\/vc_column_text][qode_elements_holder number_of_columns=&#8221;one_column&#8221;][qode_elements_holder_item advanced_animations=&#8221;no&#8221;][vc_column_text]Alcuni cookie (cookie di sessione) restano attivi solo fino alla chiusura del browser o all&#8217;esecuzione del comando di logout. Altri cookie \u201csopravvivono\u201d alla chiusura del browser e sono disponibili anche in successive visite dell&#8217;utente.<\/p>\n<p>Questi cookie sono detti persistenti e la loro durata \u00e8 fissata dal server al momento della loro creazione. In alcuni casi \u00e8 fissata una scadenza, in altri casi la durata \u00e8 illimitata.<\/p>\n<p>&#8220;<strong>TERRE DI CASA<\/strong>&#8221; non fa uso di cookie persistenti.<\/p>\n<p>Tuttavia, navigando sulle pagine del sito web &#8220;<strong>TERRE DI CASA<\/strong>&#8220;, si pu\u00f2 interagire con siti gestiti da terze parti che possono creare o modificare cookie permanenti e di profilazione.[\/vc_column_text][\/qode_elements_holder_item][\/qode_elements_holder][vc_column_text css=&#8221;.vc_custom_1609341565046{padding-top: 50px !important;}&#8221;]<\/p>\n<h3 style=\"text-align: left;\"><span style=\"color: #634834;\">Gestione dei cookie<\/span><\/h3>\n<p>[\/vc_column_text][qode_elements_holder number_of_columns=&#8221;one_column&#8221;][qode_elements_holder_item advanced_animations=&#8221;no&#8221;][vc_column_text]L&#8217;utente pu\u00f2 decidere se accettare o meno i cookie utilizzando le impostazioni del proprio browser.<\/p>\n<p><strong>Attenzione:<\/strong>\u00a0la disabilitazione totale o parziale dei cookie tecnici pu\u00f2 compromettere l&#8217;utilizzo delle funzionalit\u00e0 del sito riservate agli utenti registrati. Al contrario, la fruibilit\u00e0 dei contenuti pubblici \u00e8 possibile anche disabilitando completamente i cookie.<\/p>\n<p>La disabilitazione dei cookie \u201cterze parti\u201d non pregiudica in alcun modo la navigabilit\u00e0.<\/p>\n<p>L&#8217;impostazione pu\u00f2 essere definita in modo specifico per i diversi siti e applicazioni web. Inoltre i migliori browser consentono di definire impostazioni diverse per i cookie \u201cproprietari\u201d e per quelli di \u201cterze parti\u201d.<\/p>\n<p>A titolo di esempio, in Firefox, attraverso il men\u00f9\u00a0<em>Strumenti &#8211;&gt; Opzioni &#8211;&gt; Privacy<\/em>, \u00e8 possibile accedere ad un pannello di controllo dove \u00e8 possibile definire se accettare o meno i diversi tipi di cookie e procedere alla loro rimozione.<\/p>\n<p><strong>Chrome:<\/strong>\u00a0<a href=\"https:\/\/support.google.com\/chrome\/answer\/95647?hl=it\" target=\"_blank\" rel=\"noopener\">https:\/\/support.google.com\/chrome\/answer\/95647?hl=it<\/a><\/p>\n<p><strong>Firefox:<\/strong>\u00a0<a href=\"https:\/\/support.mozilla.org\/it\/kb\/Gestione%20dei%20cookie\" target=\"_blank\" rel=\"noopener\">https:\/\/support.mozilla.org\/it\/kb\/Gestione%20dei%20cookie<\/a><\/p>\n<p><strong>Internet Explorer:<\/strong>\u00a0<a href=\"http:\/\/windows.microsoft.com\/it-it\/windows7\/how-to-manage-cookies-in-internet-explorer-9\" target=\"_blank\" rel=\"noopener\">http:\/\/windows.microsoft.com\/it-it\/windows7\/how-to-manage-cookies-in-internet-explorer-9<\/a><\/p>\n<p><strong>Opera:<\/strong>\u00a0<a href=\"http:\/\/help.opera.com\/Windows\/10.00\/it\/cookies.html\" target=\"_blank\" rel=\"noopener\">http:\/\/help.opera.com\/Windows\/10.00\/it\/cookies.html<\/a><\/p>\n<p><strong>Safari:<\/strong>\u00a0<a href=\"http:\/\/support.apple.com\/kb\/HT1677?viewlocale=it_IT\" target=\"_blank\" rel=\"noopener\">http:\/\/support.apple.com\/kb\/HT1677?viewlocale=it_IT<\/a>[\/vc_column_text][\/qode_elements_holder_item][\/qode_elements_holder][vc_column_text css=&#8221;.vc_custom_1609341762301{padding-top: 50px !important;}&#8221;]<\/p>\n<h3 style=\"text-align: left;\"><span style=\"color: #634834;\">Informazioni di contatto<\/span><\/h3>\n<p>[\/vc_column_text][qode_elements_holder number_of_columns=&#8221;one_column&#8221;][qode_elements_holder_item advanced_animations=&#8221;no&#8221;][vc_column_text]<strong>TITOLARE DEL TRATTAMENTO DEI DATI<\/strong><\/p>\n<p>Vigorplant Italia srl Via A. Volta 2 &#8211; 26861 Fombio (LO) Italia<\/p>\n<p><strong>INDIRIZZO EMAIL DEL TITOLARE:<\/strong><\/p>\n<p><a href=\"mailto:amministrazione@vigorplant.it\">amministrazione@vigorplant.it<\/a>[\/vc_column_text][\/qode_elements_holder_item][\/qode_elements_holder][\/vc_column][\/vc_row]<\/p>\n","protected":false},"excerpt":{"rendered":"<p>[vc_row css_animation=&#8221;&#8221; row_type=&#8221;row&#8221; use_row_as_full_screen_section=&#8221;no&#8221; type=&#8221;grid&#8221; angled_section=&#8221;no&#8221; text_align=&#8221;left&#8221; background_image_as_pattern=&#8221;without_pattern&#8221; z_index=&#8221;&#8221; css=&#8221;.vc_custom_1609340740221{margin-right: 0px !important;margin-left: 0px !important;padding-bottom: 20px !important;}&#8221;][vc_column css=&#8221;.vc_custom_1517492438683{margin-right: 0px !important;margin-left: 0px !important;}&#8221;][vc_column_text] COOKIE [\/vc_column_text][\/vc_column][\/vc_row][vc_row css_animation=&#8221;&#8221; row_type=&#8221;row&#8221; use_row_as_full_screen_section=&#8221;no&#8221; type=&#8221;grid&#8221; angled_section=&#8221;no&#8221; text_align=&#8221;left&#8221; background_image_as_pattern=&#8221;without_pattern&#8221; z_index=&#8221;&#8221; css=&#8221;.vc_custom_1609340792051{margin-right: 0px !important;margin-left: 0px !important;padding-top: 20px !important;padding-bottom: 50px !important;}&#8221;][vc_column css=&#8221;.vc_custom_1517492438683{margin-right: 0px !important;margin-left: 0px !important;}&#8221;][vc_column_text]&#8230;<\/p>\n","protected":false},"author":1,"featured_media":0,"parent":0,"menu_order":0,"comment_status":"closed","ping_status":"closed","template":"","meta":[],"_links":{"self":[{"href":"https:\/\/www.terredicasa.it\/it\/wp-json\/wp\/v2\/pages\/1602"}],"collection":[{"href":"https:\/\/www.terredicasa.it\/it\/wp-json\/wp\/v2\/pages"}],"about":[{"href":"https:\/\/www.terredicasa.it\/it\/wp-json\/wp\/v2\/types\/page"}],"author":[{"embeddable":true,"href":"https:\/\/www.terredicasa.it\/it\/wp-json\/wp\/v2\/users\/1"}],"replies":[{"embeddable":true,"href":"https:\/\/www.terredicasa.it\/it\/wp-json\/wp\/v2\/comments?post=1602"}],"version-history":[{"count":14,"href":"https:\/\/www.terredicasa.it\/it\/wp-json\/wp\/v2\/pages\/1602\/revisions"}],"predecessor-version":[{"id":1616,"href":"https:\/\/www.terredicasa.it\/it\/wp-json\/wp\/v2\/pages\/1602\/revisions\/1616"}],"wp:attachment":[{"href":"https:\/\/www.terredicasa.it\/it\/wp-json\/wp\/v2\/media?parent=1602"}],"curies":[{"name":"wp","href":"https:\/\/api.w.org\/{rel}","templated":true}]}}